{"id":200,"date":"2025-02-26T10:40:24","date_gmt":"2025-02-26T09:40:24","guid":{"rendered":"https:\/\/gregxel.com\/?post_type=product&#038;p=200"},"modified":"2025-07-07T16:54:35","modified_gmt":"2025-07-07T14:54:35","slug":"bulletin-scolaire-1-0-5-demo","status":"publish","type":"product","link":"https:\/\/gregxel.com\/index.php\/produit\/bulletin-scolaire-1-0-5-demo\/","title":{"rendered":"Bulletin Scolaire 1.0.5 &#8211; D\u00e9mo"},"content":{"rendered":"","protected":false},"excerpt":{"rendered":"<h4><strong>Fatigu\u00e9(e) de passer des heures \u00e0 faire tes bulletins ?<\/strong><\/h4>\n<h5><\/h5>\n<h5><strong>Enti\u00e8rement personnalisable !<\/strong><\/h5>\n<ul>\n<li style=\"list-style-type: none;\">\n<ul>\n<li>Tu d\u00e9finis tes mati\u00e8res.<\/li>\n<li>Tu ajoutes tes \u00e9l\u00e8ves.<\/li>\n<li>Tu ajoutes tes notes au fur et \u00e0 mesure de l\u2019ann\u00e9e.<\/li>\n<li>Les moyennes sont instantan\u00e9ment calcul\u00e9es.<\/li>\n<li>Possibilit\u00e9 de remplacer les notes par des appr\u00e9ciations.<\/li>\n<li>Possibilit\u00e9 d&rsquo;afficher un 4\u00e9me trimestre et\/ou une colonne examen (version payante)<\/li>\n<\/ul>\n<\/li>\n<\/ul>\n<h4><strong>Ton bulletin est pr\u00eat !<\/strong><\/h4>\n<p>&nbsp;<\/p>\n","protected":false},"featured_media":158,"comment_status":"open","ping_status":"closed","template":"","meta":{"site-sidebar-layout":"default","site-content-layout":"","ast-site-content-layout":"default","site-content-style":"default","site-sidebar-style":"default","ast-global-header-display":"","ast-banner-title-visibility":"","ast-main-header-display":"","ast-hfb-above-header-display":"","ast-hfb-below-header-display":"","ast-hfb-mobile-header-display":"","site-post-title":"","ast-breadcrumbs-content":"","ast-featured-img":"","footer-sml-layout":"","ast-disable-related-posts":"","theme-transparent-header-meta":"default","adv-header-id-meta":"","stick-header-meta":"","header-above-stick-meta":"","header-main-stick-meta":"","header-below-stick-meta":"","astra-migrate-meta-layouts":"set","ast-page-background-enabled":"default","ast-page-background-meta":{"desktop":{"background-color":"var(--ast-global-color-5)","background-image":"","background-repeat":"repeat","background-position":"center center","background-size":"auto","background-attachment":"scroll","background-type":"","background-media":"","overlay-type":"","overlay-color":"","overlay-opacity":"","overlay-gradient":""},"tablet":{"background-color":"","background-image":"","background-repeat":"repeat","background-position":"center center","background-size":"auto","background-attachment":"scroll","background-type":"","background-media":"","overlay-type":"","overlay-color":"","overlay-opacity":"","overlay-gradient":""},"mobile":{"background-color":"","background-image":"","background-repeat":"repeat","background-position":"center center","background-size":"auto","background-attachment":"scroll","background-type":"","background-media":"","overlay-type":"","overlay-color":"","overlay-opacity":"","overlay-gradient":""}},"ast-content-background-meta":{"desktop":{"background-color":"var(--ast-global-color-4)","background-image":"","background-repeat":"repeat","background-position":"center center","background-size":"auto","background-attachment":"scroll","background-type":"","background-media":"","overlay-type":"","overlay-color":"","overlay-opacity":"","overlay-gradient":""},"tablet":{"background-color":"var(--ast-global-color-4)","background-image":"","background-repeat":"repeat","background-position":"center center","background-size":"auto","background-attachment":"scroll","background-type":"","background-media":"","overlay-type":"","overlay-color":"","overlay-opacity":"","overlay-gradient":""},"mobile":{"background-color":"var(--ast-global-color-4)","background-image":"","background-repeat":"repeat","background-position":"center center","background-size":"auto","background-attachment":"scroll","background-type":"","background-media":"","overlay-type":"","overlay-color":"","overlay-opacity":"","overlay-gradient":""}}},"product_brand":[],"product_cat":[20],"product_tag":[],"class_list":{"0":"post-200","1":"product","2":"type-product","3":"status-publish","4":"has-post-thumbnail","6":"product_cat-enseignement","7":"desktop-align-left","8":"tablet-align-left","9":"mobile-align-left","11":"first","12":"instock","13":"downloadable","14":"virtual","15":"taxable","16":"purchasable","17":"product-type-simple"},"jetpack_sharing_enabled":true,"_links":{"self":[{"href":"https:\/\/gregxel.com\/index.php\/wp-json\/wp\/v2\/product\/200","targetHints":{"allow":["GET"]}}],"collection":[{"href":"https:\/\/gregxel.com\/index.php\/wp-json\/wp\/v2\/product"}],"about":[{"href":"https:\/\/gregxel.com\/index.php\/wp-json\/wp\/v2\/types\/product"}],"replies":[{"embeddable":true,"href":"https:\/\/gregxel.com\/index.php\/wp-json\/wp\/v2\/comments?post=200"}],"wp:featuredmedia":[{"embeddable":true,"href":"https:\/\/gregxel.com\/index.php\/wp-json\/wp\/v2\/media\/158"}],"wp:attachment":[{"href":"https:\/\/gregxel.com\/index.php\/wp-json\/wp\/v2\/media?parent=200"}],"wp:term":[{"taxonomy":"product_brand","embeddable":true,"href":"https:\/\/gregxel.com\/index.php\/wp-json\/wp\/v2\/product_brand?post=200"},{"taxonomy":"product_cat","embeddable":true,"href":"https:\/\/gregxel.com\/index.php\/wp-json\/wp\/v2\/product_cat?post=200"},{"taxonomy":"product_tag","embeddable":true,"href":"https:\/\/gregxel.com\/index.php\/wp-json\/wp\/v2\/product_tag?post=200"}],"curies":[{"name":"wp","href":"https:\/\/api.w.org\/{rel}","templated":true}]}}