{"id":529,"date":"2025-03-31T14:05:30","date_gmt":"2025-03-31T12:05:30","guid":{"rendered":"https:\/\/gregxel.com\/?page_id=529"},"modified":"2025-03-31T19:52:38","modified_gmt":"2025-03-31T17:52:38","slug":"industrie","status":"publish","type":"page","link":"https:\/\/gregxel.com\/index.php\/industrie\/","title":{"rendered":"Industrie"},"content":{"rendered":"\t\t<div data-elementor-type=\"wp-page\" data-elementor-id=\"529\" class=\"elementor elementor-529\" data-elementor-post-type=\"page\">\n\t\t\t\t<div class=\"elementor-element elementor-element-652051b e-flex e-con-boxed e-con e-parent\" data-id=\"652051b\" data-element_type=\"container\" data-e-type=\"container\">\n\t\t\t\t\t<div class=\"e-con-inner\">\n\t\t<div class=\"elementor-element elementor-element-0589e58 e-con-full e-flex e-con e-child\" data-id=\"0589e58\" data-element_type=\"container\" data-e-type=\"container\" data-settings=\"{&quot;background_background&quot;:&quot;gradient&quot;}\">\n\t\t\t\t<div class=\"elementor-element elementor-element-6a2d3ab elementor-widget elementor-widget-heading\" data-id=\"6a2d3ab\" data-element_type=\"widget\" data-e-type=\"widget\" data-widget_type=\"heading.default\">\n\t\t\t\t<div class=\"elementor-widget-container\">\n\t\t\t\t\t<h2 class=\"elementor-heading-title elementor-size-default\"><p id=\"indus\">Industrie :<span style=\"color: var( --e-global-color-secondary );font-style: inherit\"><\/span><\/p><\/h2>\t\t\t\t<\/div>\n\t\t\t\t<\/div>\n\t\t\t\t<div class=\"elementor-element elementor-element-67572f9 elementor-widget elementor-widget-heading\" data-id=\"67572f9\" data-element_type=\"widget\" data-e-type=\"widget\" data-widget_type=\"heading.default\">\n\t\t\t\t<div class=\"elementor-widget-container\">\n\t\t\t\t\t<h2 class=\"elementor-heading-title elementor-size-default\"><p style=\"text-indent: 2em\"><b>Gagnez en efficacit\u00e9 dans vos projets industriels gr\u00e2ce \u00e0 un accompagnement personnalis\u00e9 !<\/b><\/p><b>Fort de mon exp\u00e9rience dans l\u2019Industrie, je vous accompagne dans tous vos projets, tant pour leur mise en \u0153uvre que pour l\u2019optimisation de vos processus.<\/b><br><br>\n<p style=\"text-indent: 2em\">Gr\u00e2ce \u00e0 mon expertise, je vous propose de vous accompagner dans l\u2019am\u00e9lioration de vos processus de fabrication, gr\u00e2ce \u00e0 la mise en place d\u2019outils de r\u00e9organisation, d\u2019am\u00e9lioration d\u2019outillage (SMED, 5S) et bien s\u00fbr, si besoin, le d\u00e9veloppement d\u2019un outil simple et efficace sur Excel permettant d\u2019optimiser, de simplifier et de fiabiliser votre outil de travail.  <\/p><p style=\"text-indent: 2em\"><span style=\"font-style: inherit;font-weight: inherit;text-indent: 2em;color: var( --e-global-color-secondary )\">Je vous accompagne \u00e9galement dans la mise en \u0153uvre et la gestion de tous vos projets, des plus simples aux plus ambitieux.<\/span><span style=\"color: var( --e-global-color-secondary );font-style: inherit\"><\/span><\/p><\/h2>\t\t\t\t<\/div>\n\t\t\t\t<\/div>\n\t\t\t\t<div class=\"elementor-element elementor-element-c42dbae elementor-widget elementor-widget-image\" data-id=\"c42dbae\" data-element_type=\"widget\" data-e-type=\"widget\" data-widget_type=\"image.default\">\n\t\t\t\t<div class=\"elementor-widget-container\">\n\t\t\t\t\t\t\t\t\t\t\t\t\t\t\t<img fetchpriority=\"high\" decoding=\"async\" width=\"768\" height=\"572\" src=\"https:\/\/i0.wp.com\/gregxel.com\/wp-content\/uploads\/2025\/03\/Industrie-_-visual-selection-e1743432840922.png?fit=768%2C572&amp;ssl=1\" class=\"attachment-medium_large size-medium_large wp-image-562\" alt=\"\" srcset=\"https:\/\/i0.wp.com\/gregxel.com\/wp-content\/uploads\/2025\/03\/Industrie-_-visual-selection-e1743432840922.png?w=1460&amp;ssl=1 1460w, https:\/\/i0.wp.com\/gregxel.com\/wp-content\/uploads\/2025\/03\/Industrie-_-visual-selection-e1743432840922.png?resize=300%2C224&amp;ssl=1 300w, https:\/\/i0.wp.com\/gregxel.com\/wp-content\/uploads\/2025\/03\/Industrie-_-visual-selection-e1743432840922.png?resize=1024%2C763&amp;ssl=1 1024w, https:\/\/i0.wp.com\/gregxel.com\/wp-content\/uploads\/2025\/03\/Industrie-_-visual-selection-e1743432840922.png?resize=768%2C572&amp;ssl=1 768w, https:\/\/i0.wp.com\/gregxel.com\/wp-content\/uploads\/2025\/03\/Industrie-_-visual-selection-e1743432840922.png?resize=600%2C447&amp;ssl=1 600w\" sizes=\"(max-width: 768px) 100vw, 768px\" \/>\t\t\t\t\t\t\t\t\t\t\t\t\t\t\t<\/div>\n\t\t\t\t<\/div>\n\t\t\t\t<\/div>\n\t\t\t\t<div class=\"elementor-element elementor-element-a067ce3 elementor-widget elementor-widget-heading\" data-id=\"a067ce3\" data-element_type=\"widget\" data-e-type=\"widget\" data-widget_type=\"heading.default\">\n\t\t\t\t<div class=\"elementor-widget-container\">\n\t\t\t\t\t<h2 class=\"elementor-heading-title elementor-size-default\">Quelques r\u00e9alisation !<\/h2>\t\t\t\t<\/div>\n\t\t\t\t<\/div>\n\t\t<div class=\"elementor-element elementor-element-d97d75b e-con-full e-flex e-con e-child\" data-id=\"d97d75b\" data-element_type=\"container\" data-e-type=\"container\">\n\t\t<div class=\"elementor-element elementor-element-f280608 e-con-full e-flex e-con e-child\" data-id=\"f280608\" data-element_type=\"container\" data-e-type=\"container\" data-settings=\"{&quot;background_background&quot;:&quot;gradient&quot;}\">\n\t\t<div class=\"elementor-element elementor-element-1fe3e72 e-con-full e-flex e-con e-child\" data-id=\"1fe3e72\" data-element_type=\"container\" data-e-type=\"container\">\n\t\t\t\t<div class=\"elementor-element elementor-element-590c555 elementor-widget elementor-widget-heading\" data-id=\"590c555\" data-element_type=\"widget\" data-e-type=\"widget\" data-widget_type=\"heading.default\">\n\t\t\t\t<div class=\"elementor-widget-container\">\n\t\t\t\t\t<h2 class=\"elementor-heading-title elementor-size-default\"><p style=\"text-indent: 2em\">Gestion des programmes et changements d\u2019outils dans des domaines aussi vari\u00e9s que la forge, l\u2019usinage, la soudure, la peinture, et bien d\u2019autres, afin de gagner du temps et d\u2019am\u00e9liorer la qualit\u00e9.<span style=\"color: var( --e-global-color-secondary );font-style: inherit;text-align: var(--text-align)\"><\/span><\/p><\/h2>\t\t\t\t<\/div>\n\t\t\t\t<\/div>\n\t\t\t\t<div class=\"elementor-element elementor-element-629d653 elementor-widget elementor-widget-image\" data-id=\"629d653\" data-element_type=\"widget\" data-e-type=\"widget\" data-widget_type=\"image.default\">\n\t\t\t\t<div class=\"elementor-widget-container\">\n\t\t\t\t\t\t\t\t\t\t\t\t\t\t\t<img data-recalc-dims=\"1\" decoding=\"async\" src=\"https:\/\/i0.wp.com\/gregxel.com\/wp-content\/plugins\/elementor\/assets\/images\/placeholder.png?ssl=1\" title=\"\" alt=\"\" loading=\"lazy\" \/>\t\t\t\t\t\t\t\t\t\t\t\t\t\t\t<\/div>\n\t\t\t\t<\/div>\n\t\t\t\t<\/div>\n\t\t\t\t<\/div>\n\t\t<div class=\"elementor-element elementor-element-fbd069c e-con-full e-flex e-con e-child\" data-id=\"fbd069c\" data-element_type=\"container\" data-e-type=\"container\">\n\t\t<div class=\"elementor-element elementor-element-c8d032e e-con-full e-flex e-con e-child\" data-id=\"c8d032e\" data-element_type=\"container\" data-e-type=\"container\" data-settings=\"{&quot;background_background&quot;:&quot;gradient&quot;}\">\n\t\t<div class=\"elementor-element elementor-element-f0d4598 e-con-full e-flex e-con e-child\" data-id=\"f0d4598\" data-element_type=\"container\" data-e-type=\"container\">\n\t\t\t\t<div class=\"elementor-element elementor-element-875ffe4 elementor-widget elementor-widget-heading\" data-id=\"875ffe4\" data-element_type=\"widget\" data-e-type=\"widget\" data-widget_type=\"heading.default\">\n\t\t\t\t<div class=\"elementor-widget-container\">\n\t\t\t\t\t<h2 class=\"elementor-heading-title elementor-size-default\"><p id=\"indus\">Ligne de peinture :<span style=\"color: var( --e-global-color-secondary );font-style: inherit\"><\/span><\/p><\/h2>\t\t\t\t<\/div>\n\t\t\t\t<\/div>\n\t\t\t\t<div class=\"elementor-element elementor-element-d82783c elementor-widget elementor-widget-heading\" data-id=\"d82783c\" data-element_type=\"widget\" data-e-type=\"widget\" data-widget_type=\"heading.default\">\n\t\t\t\t<div class=\"elementor-widget-container\">\n\t\t\t\t\t<h2 class=\"elementor-heading-title elementor-size-default\"><p style=\"text-indent: 2em\">Outils pour laboratoires permettant de r\u00e9aliser des contr\u00f4les qualit\u00e9 des bains de peinture KTL tout au long de la production, pour gagner en efficacit\u00e9 et r\u00e9duire les erreurs gr\u00e2ce \u00e0 des automatisations adapt\u00e9es.<\/p><\/h2>\t\t\t\t<\/div>\n\t\t\t\t<\/div>\n\t\t\t\t<div class=\"elementor-element elementor-element-b64173f elementor-widget elementor-widget-gallery\" data-id=\"b64173f\" data-element_type=\"widget\" data-e-type=\"widget\" data-settings=\"{&quot;columns&quot;:2,&quot;gap&quot;:{&quot;unit&quot;:&quot;px&quot;,&quot;size&quot;:30,&quot;sizes&quot;:[]},&quot;overlay_title&quot;:&quot;title&quot;,&quot;overlay_description&quot;:&quot;description&quot;,&quot;lazyload&quot;:&quot;yes&quot;,&quot;gallery_layout&quot;:&quot;grid&quot;,&quot;columns_tablet&quot;:2,&quot;columns_mobile&quot;:1,&quot;gap_tablet&quot;:{&quot;unit&quot;:&quot;px&quot;,&quot;size&quot;:10,&quot;sizes&quot;:[]},&quot;gap_mobile&quot;:{&quot;unit&quot;:&quot;px&quot;,&quot;size&quot;:10,&quot;sizes&quot;:[]},&quot;link_to&quot;:&quot;file&quot;,&quot;aspect_ratio&quot;:&quot;3:2&quot;,&quot;overlay_background&quot;:&quot;yes&quot;,&quot;content_hover_animation&quot;:&quot;fade-in&quot;}\" data-widget_type=\"gallery.default\">\n\t\t\t\t<div class=\"elementor-widget-container\">\n\t\t\t\t\t\t\t<div class=\"elementor-gallery__container\">\n\t\t\t\t\t\t\t<a class=\"e-gallery-item elementor-gallery-item elementor-animated-content\" href=\"https:\/\/i0.wp.com\/gregxel.com\/wp-content\/uploads\/2025\/03\/KTL-1.jpg?fit=823%2C583&#038;ssl=1\" data-elementor-open-lightbox=\"yes\" data-elementor-lightbox-slideshow=\"b64173f\" data-elementor-lightbox-title=\"Tableau de bord\" data-elementor-lightbox-description=\"R\u00e9capitulation des taches \u00e0 effectuer sur la m\u00eame page\" data-e-action-hash=\"#elementor-action%3Aaction%3Dlightbox%26settings%3DeyJpZCI6NjE4LCJ1cmwiOiJodHRwczpcL1wvZ3JlZ3hlbC5jb21cL3dwLWNvbnRlbnRcL3VwbG9hZHNcLzIwMjVcLzAzXC9LVEwtMS5qcGciLCJzbGlkZXNob3ciOiJiNjQxNzNmIn0%3D\">\n\t\t\t\t\t<div class=\"e-gallery-image elementor-gallery-item__image\" data-thumbnail=\"https:\/\/i0.wp.com\/gregxel.com\/wp-content\/uploads\/2025\/03\/KTL-1.jpg?fit=823%2C583&amp;ssl=1\" data-width=\"823\" data-height=\"583\" aria-label=\"\" role=\"img\" ><\/div>\n\t\t\t\t\t\t\t\t\t\t\t<div class=\"elementor-gallery-item__overlay\"><\/div>\n\t\t\t\t\t\t\t\t\t\t\t\t\t\t\t<div class=\"elementor-gallery-item__content\">\n\t\t\t\t\t\t\t\t\t\t\t\t\t\t<div class=\"elementor-gallery-item__title\">\n\t\t\t\t\t\t\t\t\t\t\t\t\t\t\t\t\t\tTableau de bord\t\t\t\t\t\t\t\t<\/div>\n\t\t\t\t\t\t\t\t\t\t\t\t\t\t\t<div class=\"elementor-gallery-item__description\">\n\t\t\t\t\t\t\t\t\t\t\t\t\t\t\t\t\t\tR\u00e9capitulation des taches \u00e0 effectuer sur la m\u00eame page\t\t\t\t\t\t\t\t<\/div>\n\t\t\t\t\t\t\t\t\t\t\t\t<\/div>\n\t\t\t\t\t\t\t\t\t<\/a>\n\t\t\t\t\t\t\t<a class=\"e-gallery-item elementor-gallery-item elementor-animated-content\" href=\"https:\/\/i0.wp.com\/gregxel.com\/wp-content\/uploads\/2025\/03\/KTL-3.jpg?fit=1091%2C537&#038;ssl=1\" data-elementor-open-lightbox=\"yes\" data-elementor-lightbox-slideshow=\"b64173f\" data-elementor-lightbox-title=\"Suivi Process\" data-elementor-lightbox-description=\"Voir l&#039;\u00e9volution du process, et pouvoir agir rapidement\" data-e-action-hash=\"#elementor-action%3Aaction%3Dlightbox%26settings%3DeyJpZCI6NjE2LCJ1cmwiOiJodHRwczpcL1wvZ3JlZ3hlbC5jb21cL3dwLWNvbnRlbnRcL3VwbG9hZHNcLzIwMjVcLzAzXC9LVEwtMy5qcGciLCJzbGlkZXNob3ciOiJiNjQxNzNmIn0%3D\">\n\t\t\t\t\t<div class=\"e-gallery-image elementor-gallery-item__image\" data-thumbnail=\"https:\/\/i0.wp.com\/gregxel.com\/wp-content\/uploads\/2025\/03\/KTL-3.jpg?fit=1024%2C504&amp;ssl=1\" data-width=\"1024\" data-height=\"504\" aria-label=\"\" role=\"img\" ><\/div>\n\t\t\t\t\t\t\t\t\t\t\t<div class=\"elementor-gallery-item__overlay\"><\/div>\n\t\t\t\t\t\t\t\t\t\t\t\t\t\t\t<div class=\"elementor-gallery-item__content\">\n\t\t\t\t\t\t\t\t\t\t\t\t\t\t<div class=\"elementor-gallery-item__title\">\n\t\t\t\t\t\t\t\t\t\t\t\t\t\t\t\t\t\tSuivi Process\t\t\t\t\t\t\t\t<\/div>\n\t\t\t\t\t\t\t\t\t\t\t\t\t\t\t<div class=\"elementor-gallery-item__description\">\n\t\t\t\t\t\t\t\t\t\t\t\t\t\t\t\t\t\tVoir l'\u00e9volution du process, et pouvoir agir rapidement\t\t\t\t\t\t\t\t<\/div>\n\t\t\t\t\t\t\t\t\t\t\t\t<\/div>\n\t\t\t\t\t\t\t\t\t<\/a>\n\t\t\t\t\t\t\t<a class=\"e-gallery-item elementor-gallery-item elementor-animated-content\" href=\"https:\/\/i0.wp.com\/gregxel.com\/wp-content\/uploads\/2025\/03\/KTL-2.jpg?fit=1021%2C538&#038;ssl=1\" data-elementor-open-lightbox=\"yes\" data-elementor-lightbox-slideshow=\"b64173f\" data-elementor-lightbox-title=\"Suivi Process\" data-elementor-lightbox-description=\"Voir l&#039;\u00e9volution du process, et pouvoir agir rapidement\" data-e-action-hash=\"#elementor-action%3Aaction%3Dlightbox%26settings%3DeyJpZCI6NjE3LCJ1cmwiOiJodHRwczpcL1wvZ3JlZ3hlbC5jb21cL3dwLWNvbnRlbnRcL3VwbG9hZHNcLzIwMjVcLzAzXC9LVEwtMi5qcGciLCJzbGlkZXNob3ciOiJiNjQxNzNmIn0%3D\">\n\t\t\t\t\t<div class=\"e-gallery-image elementor-gallery-item__image\" data-thumbnail=\"https:\/\/i0.wp.com\/gregxel.com\/wp-content\/uploads\/2025\/03\/KTL-2.jpg?fit=1021%2C538&amp;ssl=1\" data-width=\"1021\" data-height=\"538\" aria-label=\"\" role=\"img\" ><\/div>\n\t\t\t\t\t\t\t\t\t\t\t<div class=\"elementor-gallery-item__overlay\"><\/div>\n\t\t\t\t\t\t\t\t\t\t\t\t\t\t\t<div class=\"elementor-gallery-item__content\">\n\t\t\t\t\t\t\t\t\t\t\t\t\t\t<div class=\"elementor-gallery-item__title\">\n\t\t\t\t\t\t\t\t\t\t\t\t\t\t\t\t\t\tSuivi Process\t\t\t\t\t\t\t\t<\/div>\n\t\t\t\t\t\t\t\t\t\t\t\t\t\t\t<div class=\"elementor-gallery-item__description\">\n\t\t\t\t\t\t\t\t\t\t\t\t\t\t\t\t\t\tVoir l'\u00e9volution du process, et pouvoir agir rapidement\t\t\t\t\t\t\t\t<\/div>\n\t\t\t\t\t\t\t\t\t\t\t\t<\/div>\n\t\t\t\t\t\t\t\t\t<\/a>\n\t\t\t\t\t\t\t<a class=\"e-gallery-item elementor-gallery-item elementor-animated-content\" href=\"https:\/\/i0.wp.com\/gregxel.com\/wp-content\/uploads\/2025\/03\/KTL-4.jpg?fit=1093%2C567&#038;ssl=1\" data-elementor-open-lightbox=\"yes\" data-elementor-lightbox-slideshow=\"b64173f\" data-elementor-lightbox-title=\"Assistance\" data-elementor-lightbox-description=\"Entrer les valeur contr\u00f4l\u00e9s et suivre les consignes.\" data-e-action-hash=\"#elementor-action%3Aaction%3Dlightbox%26settings%3DeyJpZCI6NjE1LCJ1cmwiOiJodHRwczpcL1wvZ3JlZ3hlbC5jb21cL3dwLWNvbnRlbnRcL3VwbG9hZHNcLzIwMjVcLzAzXC9LVEwtNC5qcGciLCJzbGlkZXNob3ciOiJiNjQxNzNmIn0%3D\">\n\t\t\t\t\t<div class=\"e-gallery-image elementor-gallery-item__image\" data-thumbnail=\"https:\/\/i0.wp.com\/gregxel.com\/wp-content\/uploads\/2025\/03\/KTL-4.jpg?fit=1024%2C531&amp;ssl=1\" data-width=\"1024\" data-height=\"531\" aria-label=\"\" role=\"img\" ><\/div>\n\t\t\t\t\t\t\t\t\t\t\t<div class=\"elementor-gallery-item__overlay\"><\/div>\n\t\t\t\t\t\t\t\t\t\t\t\t\t\t\t<div class=\"elementor-gallery-item__content\">\n\t\t\t\t\t\t\t\t\t\t\t\t\t\t<div class=\"elementor-gallery-item__title\">\n\t\t\t\t\t\t\t\t\t\t\t\t\t\t\t\t\t\tAssistance\t\t\t\t\t\t\t\t<\/div>\n\t\t\t\t\t\t\t\t\t\t\t\t\t\t\t<div class=\"elementor-gallery-item__description\">\n\t\t\t\t\t\t\t\t\t\t\t\t\t\t\t\t\t\tEntrer les valeur contr\u00f4l\u00e9s et suivre les consignes.\t\t\t\t\t\t\t\t<\/div>\n\t\t\t\t\t\t\t\t\t\t\t\t<\/div>\n\t\t\t\t\t\t\t\t\t<\/a>\n\t\t\t\t\t<\/div>\n\t\t\t\t\t<\/div>\n\t\t\t\t<\/div>\n\t\t\t\t<\/div>\n\t\t\t\t<\/div>\n\t\t\t\t<\/div>\n\t\t<div class=\"elementor-element elementor-element-6ce8760 e-con-full e-flex e-con e-child\" data-id=\"6ce8760\" data-element_type=\"container\" data-e-type=\"container\">\n\t\t<div class=\"elementor-element elementor-element-ea254cd e-con-full e-flex e-con e-child\" data-id=\"ea254cd\" data-element_type=\"container\" data-e-type=\"container\" data-settings=\"{&quot;background_background&quot;:&quot;gradient&quot;}\">\n\t\t<div class=\"elementor-element elementor-element-2e780d4 e-con-full e-flex e-con e-child\" data-id=\"2e780d4\" data-element_type=\"container\" data-e-type=\"container\">\n\t\t\t\t<div class=\"elementor-element elementor-element-b2e940e elementor-widget elementor-widget-heading\" data-id=\"b2e940e\" data-element_type=\"widget\" data-e-type=\"widget\" data-widget_type=\"heading.default\">\n\t\t\t\t<div class=\"elementor-widget-container\">\n\t\t\t\t\t<h2 class=\"elementor-heading-title elementor-size-default\"><p style=\"text-indent: 2em\">Suivi des stocks et tra\u00e7abilit\u00e9, avec des alertes avant rupture pour une production fluide, sans investir dans des logiciels extr\u00eamement co\u00fbteux.<span style=\"color: var( --e-global-color-secondary );font-style: inherit;text-align: var(--text-align)\"><\/span><\/p><\/h2>\t\t\t\t<\/div>\n\t\t\t\t<\/div>\n\t\t\t\t<div class=\"elementor-element elementor-element-c9af58a elementor-widget elementor-widget-image\" data-id=\"c9af58a\" data-element_type=\"widget\" data-e-type=\"widget\" data-widget_type=\"image.default\">\n\t\t\t\t<div class=\"elementor-widget-container\">\n\t\t\t\t\t\t\t\t\t\t\t\t\t\t\t<img data-recalc-dims=\"1\" decoding=\"async\" src=\"https:\/\/i0.wp.com\/gregxel.com\/wp-content\/plugins\/elementor\/assets\/images\/placeholder.png?ssl=1\" title=\"\" alt=\"\" loading=\"lazy\" \/>\t\t\t\t\t\t\t\t\t\t\t\t\t\t\t<\/div>\n\t\t\t\t<\/div>\n\t\t\t\t<\/div>\n\t\t\t\t<\/div>\n\t\t\t\t<\/div>\n\t\t\t\t<\/div>\n\t\t\t\t\t<\/div>\n\t\t\t\t<\/div>\n\t\t<div class=\"elementor-element elementor-element-78ef13b e-flex e-con-boxed e-con e-parent\" data-id=\"78ef13b\" data-element_type=\"container\" data-e-type=\"container\">\n\t\t\t\t\t<div class=\"e-con-inner\">\n\t\t\t\t<div class=\"elementor-element elementor-element-94c2a80 elementor-widget elementor-widget-heading\" data-id=\"94c2a80\" data-element_type=\"widget\" data-e-type=\"widget\" data-widget_type=\"heading.default\">\n\t\t\t\t<div class=\"elementor-widget-container\">\n\t\t\t\t\t<h2 class=\"elementor-heading-title elementor-size-default\">Pr\u00eat \u00e0 simplifier vos processus ?<br>Contactez-nous !<\/h2>\t\t\t\t<\/div>\n\t\t\t\t<\/div>\n\t\t<div class=\"elementor-element elementor-element-209cf46 e-flex e-con-boxed e-con e-child\" data-id=\"209cf46\" data-element_type=\"container\" data-e-type=\"container\">\n\t\t\t\t\t<div class=\"e-con-inner\">\n\t\t<div class=\"elementor-element elementor-element-6065442 e-con-full e-flex e-con e-child\" data-id=\"6065442\" data-element_type=\"container\" data-e-type=\"container\" data-settings=\"{&quot;background_background&quot;:&quot;classic&quot;}\">\n\t\t\t\t<div class=\"elementor-element elementor-element-4bcc481 elementor-widget elementor-widget-heading\" data-id=\"4bcc481\" data-element_type=\"widget\" data-e-type=\"widget\" data-widget_type=\"heading.default\">\n\t\t\t\t<div class=\"elementor-widget-container\">\n\t\t\t\t\t<h2 class=\"elementor-heading-title elementor-size-default\"><a href=\"https:\/\/gregxel.com\/index.php\/contact\/\">Contactez-nous !<\/a><\/h2>\t\t\t\t<\/div>\n\t\t\t\t<\/div>\n\t\t\t\t<\/div>\n\t\t\t\t\t<\/div>\n\t\t\t\t<\/div>\n\t\t\t\t\t<\/div>\n\t\t\t\t<\/div>\n\t\t\t\t<\/div>\n\t\t","protected":false},"excerpt":{"rendered":"<p>Industrie : Gagnez en efficacit\u00e9 dans vos projets industriels gr\u00e2ce \u00e0 un accompagnement personnalis\u00e9 ! Fort de mon exp\u00e9rience dans [&hellip;]<\/p>\n","protected":false},"author":1,"featured_media":0,"parent":0,"menu_order":0,"comment_status":"closed","ping_status":"closed","template":"","meta":{"site-sidebar-layout":"no-sidebar","site-content-layout":"","ast-site-content-layout":"full-width-container","site-content-style":"default","site-sidebar-style":"default","ast-global-header-display":"","ast-banner-title-visibility":"","ast-main-header-display":"","ast-hfb-above-header-display":"","ast-hfb-below-header-display":"","ast-hfb-mobile-header-display":"","site-post-title":"disabled","ast-breadcrumbs-content":"","ast-featured-img":"disabled","footer-sml-layout":"","ast-disable-related-posts":"","theme-transparent-header-meta":"","adv-header-id-meta":"","stick-header-meta":"","header-above-stick-meta":"","header-main-stick-meta":"","header-below-stick-meta":"","astra-migrate-meta-layouts":"default","ast-page-background-enabled":"default","ast-page-background-meta":{"desktop":{"background-color":"var(--ast-global-color-5)","background-image":"","background-repeat":"repeat","background-position":"center center","background-size":"auto","background-attachment":"scroll","background-type":"","background-media":"","overlay-type":"","overlay-color":"","overlay-opacity":"","overlay-gradient":""},"tablet":{"background-color":"","background-image":"","background-repeat":"repeat","background-position":"center center","background-size":"auto","background-attachment":"scroll","background-type":"","background-media":"","overlay-type":"","overlay-color":"","overlay-opacity":"","overlay-gradient":""},"mobile":{"background-color":"","background-image":"","background-repeat":"repeat","background-position":"center center","background-size":"auto","background-attachment":"scroll","background-type":"","background-media":"","overlay-type":"","overlay-color":"","overlay-opacity":"","overlay-gradient":""}},"ast-content-background-meta":{"desktop":{"background-color":"var(--ast-global-color-4)","background-image":"","background-repeat":"repeat","background-position":"center center","background-size":"auto","background-attachment":"scroll","background-type":"","background-media":"","overlay-type":"","overlay-color":"","overlay-opacity":"","overlay-gradient":""},"tablet":{"background-color":"var(--ast-global-color-4)","background-image":"","background-repeat":"repeat","background-position":"center center","background-size":"auto","background-attachment":"scroll","background-type":"","background-media":"","overlay-type":"","overlay-color":"","overlay-opacity":"","overlay-gradient":""},"mobile":{"background-color":"var(--ast-global-color-4)","background-image":"","background-repeat":"repeat","background-position":"center center","background-size":"auto","background-attachment":"scroll","background-type":"","background-media":"","overlay-type":"","overlay-color":"","overlay-opacity":"","overlay-gradient":""}},"footnotes":""},"class_list":["post-529","page","type-page","status-publish","hentry"],"jetpack_sharing_enabled":true,"_links":{"self":[{"href":"https:\/\/gregxel.com\/index.php\/wp-json\/wp\/v2\/pages\/529","targetHints":{"allow":["GET"]}}],"collection":[{"href":"https:\/\/gregxel.com\/index.php\/wp-json\/wp\/v2\/pages"}],"about":[{"href":"https:\/\/gregxel.com\/index.php\/wp-json\/wp\/v2\/types\/page"}],"author":[{"embeddable":true,"href":"https:\/\/gregxel.com\/index.php\/wp-json\/wp\/v2\/users\/1"}],"replies":[{"embeddable":true,"href":"https:\/\/gregxel.com\/index.php\/wp-json\/wp\/v2\/comments?post=529"}],"version-history":[{"count":39,"href":"https:\/\/gregxel.com\/index.php\/wp-json\/wp\/v2\/pages\/529\/revisions"}],"predecessor-version":[{"id":637,"href":"https:\/\/gregxel.com\/index.php\/wp-json\/wp\/v2\/pages\/529\/revisions\/637"}],"wp:attachment":[{"href":"https:\/\/gregxel.com\/index.php\/wp-json\/wp\/v2\/media?parent=529"}],"curies":[{"name":"wp","href":"https:\/\/api.w.org\/{rel}","templated":true}]}}