{"id":10,"date":"2025-02-18T09:52:59","date_gmt":"2025-02-18T08:52:59","guid":{"rendered":"https:\/\/gregxel.com\/?page_id=10"},"modified":"2025-03-31T17:20:40","modified_gmt":"2025-03-31T15:20:40","slug":"gregxel","status":"publish","type":"page","link":"https:\/\/gregxel.com\/","title":{"rendered":"GregXel"},"content":{"rendered":"\t\t<div data-elementor-type=\"wp-page\" data-elementor-id=\"10\" class=\"elementor elementor-10\" data-elementor-post-type=\"page\">\n\t\t\t\t<div class=\"elementor-element elementor-element-6dae421 e-flex e-con-boxed e-con e-parent\" data-id=\"6dae421\" data-element_type=\"container\" data-e-type=\"container\">\n\t\t\t\t\t<div class=\"e-con-inner\">\n\t\t<div class=\"elementor-element elementor-element-84bd180 e-con-full e-flex e-con e-child\" data-id=\"84bd180\" data-element_type=\"container\" data-e-type=\"container\">\n\t\t<div class=\"elementor-element elementor-element-2b322e5 e-con-full e-flex e-con e-child\" data-id=\"2b322e5\" data-element_type=\"container\" data-e-type=\"container\" data-settings=\"{&quot;background_background&quot;:&quot;gradient&quot;}\">\n\t\t\t\t<div class=\"elementor-element elementor-element-5dc1a45 elementor-widget elementor-widget-heading\" data-id=\"5dc1a45\" data-element_type=\"widget\" data-e-type=\"widget\" data-widget_type=\"heading.default\">\n\t\t\t\t<div class=\"elementor-widget-container\">\n\t\t\t\t\t<h2 class=\"elementor-heading-title elementor-size-default\">\" Des solutions Excel sur mesure pour tous vos besoins \"<\/h2>\t\t\t\t<\/div>\n\t\t\t\t<\/div>\n\t\t\t\t<div class=\"elementor-element elementor-element-6f321a3 elementor-widget elementor-widget-heading\" data-id=\"6f321a3\" data-element_type=\"widget\" data-e-type=\"widget\" data-widget_type=\"heading.default\">\n\t\t\t\t<div class=\"elementor-widget-container\">\n\t\t\t\t\t<h2 class=\"elementor-heading-title elementor-size-default\"><p style=\"text-indent: 2em\">GregXel vous propose des fichiers Excel personnalis\u00e9s, con\u00e7us pour simplifier et optimiser vos processus. Que vous soyez dans l\u2019Industrie, l\u2019Enseignement ou le Commerce, je cr\u00e9e des outils adapt\u00e9s \u00e0 vos besoins sp\u00e9cifiques, gr\u00e2ce \u00e0 plus de 20 ans d\u2019exp\u00e9rience dans l\u2019industrie et la gestion de projets.<\/p><p style=\"text-indent: 2em\"><b>D\u00e9couvrez mes services pour chaque secteur et transformez votre quotidien !<\/b><span style=\"font-style: inherit\"><\/span><\/p><\/h2>\t\t\t\t<\/div>\n\t\t\t\t<\/div>\n\t\t\t\t<div class=\"elementor-element elementor-element-0c0f287 elementor-widget elementor-widget-shortcode\" data-id=\"0c0f287\" data-element_type=\"widget\" data-e-type=\"widget\" data-widget_type=\"shortcode.default\">\n\t\t\t\t<div class=\"elementor-widget-container\">\n\t\t\t\t\t\t\t<div class=\"elementor-shortcode\"><div class=\"isimb-6310-annotation-box-wrapper isimb-6310-annotation-box-wrapper-1\">\r\n   <div class=\"isimb-6310-zoom-buttons\" style=\"display: none;\">\r\n      <img data-recalc-dims=\"1\" decoding=\"async\" src=\"https:\/\/i0.wp.com\/gregxel.com\/wp-content\/plugins\/interactive-image-map-builder\/assets\/images\/zoom-in.png?ssl=1\" alt=\"\" class=\"isimb-6310-zoom-in\">\r\n      <img data-recalc-dims=\"1\" decoding=\"async\" src=\"https:\/\/i0.wp.com\/gregxel.com\/wp-content\/plugins\/interactive-image-map-builder\/assets\/images\/zoom-out.png?ssl=1\" alt=\"\" class=\"isimb-6310-zoom-out\">\r\n   <\/div>\r\n   <div class=\"isimb-6310-builder-box isimb-6310-builder-box-1\"\r\n      data-id=\"1\"\r\n      data-image-zoom=\"0\"\r\n      data-tooltip-position=\"0\"\r\n      data-top-bottom=\"0\"\r\n      data-left-right=\"0\"\r\n      data-login-status=\"0\">\r\n      <div class=\"isimb-6310-annotation-box-inner\">\r\n         <svg class=\"isimb-6310-main-svg isimb-6310-main-svg-1\">\r\n            <polygon title='' data-id='1-1'  class= 'isimb-6310-pol-loaded isimb-6310-pol-1-1' data-json='{&quot;pointList&quot;:&quot;1052,401,1088,279,1118,235,1172,211,1225,218,1272,249,1296,291,1300,322,1294,358,1281,385,1269,403,1248,418,1228,430,1189,435,1160,429&quot;,&quot;imageWidth&quot;:&quot;1768&quot;,&quot;imageHeight&quot;:&quot;1135&quot;,&quot;tooltipWidth&quot;:&quot;400&quot;,&quot;selectModelContent&quot;:&quot;Modal text&quot;,&quot;ModalContentFontSize&quot;:&quot;16&quot;,&quot;ModalContentColor&quot;:&quot;rgb(255, 255, 255)&quot;,&quot;ModalContentBgColor&quot;:&quot;rgba(12, 143, 209, 0.91)&quot;,&quot;selectAreaColor&quot;:&quot;rgba(255, 13, 0, 0.05)&quot;,&quot;selectAreaHoverColor&quot;:&quot;rgba(255, 192, 3, 0.32)&quot;,&quot;areaBorderSize&quot;:&quot;1&quot;,&quot;areaBorderColor&quot;:&quot;rgba(255, 255, 255, 0.1)&quot;,&quot;areaBorderHoverColor&quot;:&quot;rgba(255, 255, 255, 0.1)&quot;,&quot;areaShadowith&quot;:&quot;5&quot;,&quot;areaShadowColor&quot;:&quot;rgba(0, 0, 0, 0.99)&quot;,&quot;selectedTemplate&quot;:&quot;01&quot;,&quot;linkText&quot;:&quot;Ind\\u00e9pendants&quot;,&quot;linkURL&quot;:&quot;https:\\\/\\\/gregxel.com\\\/index.php\\\/services\\\/#indep&quot;,&quot;openNewTab&quot;:&quot;0&quot;,&quot;linkingArea&quot;:0,&quot;openDesImg&quot;:&quot;&quot;,&quot;openDescription&quot;:&quot;Lorem ipsum dolor sit amet consectetur adipisicing elit. Debitis vero maxime beatae fugiat, aspernatur quia.&quot;,&quot;openDesFontSize&quot;:&quot;16&quot;,&quot;openDesFontColor&quot;:&quot;rgb(0, 0, 0)&quot;,&quot;tempCommonFontSize&quot;:&quot;16&quot;,&quot;tempCommonFontColor&quot;:&quot;rgb(18, 0, 0)&quot;,&quot;tempCommonBgColor&quot;:&quot;rgba(255, 192, 3, 0.32)&quot;,&quot;tem02EmbeddedLink&quot;:&quot;&quot;,&quot;customeHtmlCode&quot;:&quot;&quot;,&quot;customeCssCode&quot;:&quot;&quot;,&quot;customeCodePopup&quot;:&quot;&quot;,&quot;viewMoodType&quot;:1,&quot;elementType&quot;:1,&quot;linkURLDirect&quot;:&quot;https:\\\/\\\/www.wpmart.org&quot;,&quot;openNewTabDirect&quot;:&quot;1&quot;,&quot;nestedList&quot;:[],&quot;points&quot;:&quot;945,360 978,251 1005,211 1053,190 1101,196 1143,224 1165,261 1168,289 1163,322 1151,346 1140,362 1122,375 1104,386 1069,391 1042,385&quot;}' \/><polygon title='' data-id='1-2'  class= 'isimb-6310-pol-loaded isimb-6310-pol-1-2' data-json='{&quot;pointList&quot;:&quot;866,700,953,785,969,811,981,842,976,874,961,913,934,941,893,962,849,965,805,945,774,914,758,881,760,827,778,785,822,742&quot;,&quot;imageWidth&quot;:&quot;1768&quot;,&quot;imageHeight&quot;:&quot;1135&quot;,&quot;tooltipWidth&quot;:&quot;400&quot;,&quot;selectModelContent&quot;:&quot;Modal text&quot;,&quot;ModalContentFontSize&quot;:&quot;16&quot;,&quot;ModalContentColor&quot;:&quot;rgb(255, 255, 255)&quot;,&quot;ModalContentBgColor&quot;:&quot;rgba(12, 143, 209, 0.91)&quot;,&quot;selectAreaColor&quot;:&quot;rgba(255, 13, 0, 0.05)&quot;,&quot;selectAreaHoverColor&quot;:&quot;rgba(255, 192, 3, 0.32)&quot;,&quot;areaBorderSize&quot;:&quot;1&quot;,&quot;areaBorderColor&quot;:&quot;rgb(255, 255, 255, .1)&quot;,&quot;areaBorderHoverColor&quot;:&quot;rgb(255, 255, 255, .1)&quot;,&quot;areaShadowith&quot;:&quot;5&quot;,&quot;areaShadowColor&quot;:&quot;rgba(0, 0, 0, 0.99)&quot;,&quot;selectedTemplate&quot;:&quot;01&quot;,&quot;linkText&quot;:&quot;Enseignement&quot;,&quot;linkURL&quot;:&quot;https:\\\/\\\/gregxel.com\\\/index.php\\\/services\\\/#enseign&quot;,&quot;openNewTab&quot;:&quot;0&quot;,&quot;linkingArea&quot;:0,&quot;openDesImg&quot;:&quot;&quot;,&quot;openDescription&quot;:&quot;Lorem ipsum dolor sit amet consectetur adipisicing elit. Debitis vero maxime beatae fugiat, aspernatur quia.&quot;,&quot;openDesFontSize&quot;:&quot;16&quot;,&quot;openDesFontColor&quot;:&quot;rgb(0, 0, 0)&quot;,&quot;tempCommonFontSize&quot;:&quot;16&quot;,&quot;tempCommonFontColor&quot;:&quot;rgb(18, 0, 0)&quot;,&quot;tempCommonBgColor&quot;:&quot;rgba(255, 192, 3, 0.32)&quot;,&quot;tem02EmbeddedLink&quot;:&quot;&quot;,&quot;customeHtmlCode&quot;:&quot;&quot;,&quot;customeCssCode&quot;:&quot;&quot;,&quot;customeCodePopup&quot;:&quot;&quot;,&quot;viewMoodType&quot;:1,&quot;elementType&quot;:1,&quot;linkURLDirect&quot;:&quot;https:\\\/\\\/www.wpmart.org&quot;,&quot;openNewTabDirect&quot;:&quot;1&quot;,&quot;nestedList&quot;:[],&quot;points&quot;:&quot;778,629 856,705 871,729 882,756 877,785 864,820 839,845 803,864 763,867 723,849 696,821 681,791 683,743 699,705 739,667&quot;}' \/><polygon title='' data-id='1-3'  class= 'isimb-6310-pol-loaded isimb-6310-pol-1-3' data-json='{&quot;pointList&quot;:&quot;684,401,642,264,621,236,594,222,556,212,516,216,482,232,450,264,441,297,434,322,442,357,464,399,514,430,562,434&quot;,&quot;imageWidth&quot;:&quot;1768&quot;,&quot;imageHeight&quot;:&quot;1135&quot;,&quot;tooltipWidth&quot;:&quot;400&quot;,&quot;selectModelContent&quot;:&quot;Modal text&quot;,&quot;ModalContentFontSize&quot;:&quot;16&quot;,&quot;ModalContentColor&quot;:&quot;rgb(255, 255, 255)&quot;,&quot;ModalContentBgColor&quot;:&quot;rgba(12, 143, 209, 0.91)&quot;,&quot;selectAreaColor&quot;:&quot;rgba(255, 13, 0, 0.05)&quot;,&quot;selectAreaHoverColor&quot;:&quot;rgba(255, 192, 3, 0.32)&quot;,&quot;areaBorderSize&quot;:&quot;1&quot;,&quot;areaBorderColor&quot;:&quot;rgba(255, 255, 255, 0.1)&quot;,&quot;areaBorderHoverColor&quot;:&quot;rgba(255, 255, 255, 0.1)&quot;,&quot;areaShadowith&quot;:&quot;5&quot;,&quot;areaShadowColor&quot;:&quot;rgba(0, 0, 0, 0.99)&quot;,&quot;selectedTemplate&quot;:&quot;01&quot;,&quot;linkText&quot;:&quot;Industrie&quot;,&quot;linkURL&quot;:&quot;https:\\\/\\\/gregxel.com\\\/index.php\\\/industrie\\\/&quot;,&quot;openNewTab&quot;:&quot;0&quot;,&quot;linkingArea&quot;:0,&quot;openDesImg&quot;:&quot;&quot;,&quot;openDescription&quot;:&quot;Lorem ipsum dolor sit amet consectetur adipisicing elit. Debitis vero maxime beatae fugiat, aspernatur quia.&quot;,&quot;openDesFontSize&quot;:&quot;16&quot;,&quot;openDesFontColor&quot;:&quot;rgb(0, 0, 0)&quot;,&quot;tempCommonFontSize&quot;:&quot;16&quot;,&quot;tempCommonFontColor&quot;:&quot;rgb(18, 0, 0)&quot;,&quot;tempCommonBgColor&quot;:&quot;rgba(255, 192, 3, 0.32)&quot;,&quot;tem02EmbeddedLink&quot;:&quot;&quot;,&quot;customeHtmlCode&quot;:&quot;&quot;,&quot;customeCssCode&quot;:&quot;&quot;,&quot;customeCodePopup&quot;:&quot;&quot;,&quot;viewMoodType&quot;:1,&quot;elementType&quot;:1,&quot;linkURLDirect&quot;:&quot;https:\\\/\\\/www.wpmart.org&quot;,&quot;openNewTabDirect&quot;:&quot;1&quot;,&quot;nestedList&quot;:[],&quot;points&quot;:&quot;615,360 577,237 558,212 534,199 500,190 464,194 433,208 404,237 396,267 390,289 397,321 417,358 462,386 505,390&quot;}' \/>         <\/svg>\r\n         \r\n                     \r\n                        <div class='isimb-6310-hover-content isimb-6310-hover-content-1-1'>\r\n                           <div class='isimb-6310-hover-content-1-1-element'>\r\n                              <div class='isimb-6310-close-button isimb-6310-close-button-mobile'><\/div>\r\n                              <a href='https:\/\/gregxel.com\/index.php\/services\/#indep'>Ind\u00e9pendants<\/a>                   \r\n                           <\/div>                    \r\n                        <\/div>\r\n                     \r\n                     \r\n                     \r\n                        <div class='isimb-6310-hover-content isimb-6310-hover-content-1-2'>\r\n                           <div class='isimb-6310-hover-content-1-2-element'>\r\n                              <div class='isimb-6310-close-button isimb-6310-close-button-mobile'><\/div>\r\n                              <a href='https:\/\/gregxel.com\/index.php\/services\/#enseign'>Enseignement<\/a>                   \r\n                           <\/div>                    \r\n                        <\/div>\r\n                     \r\n                     \r\n                     \r\n                        <div class='isimb-6310-hover-content isimb-6310-hover-content-1-3'>\r\n                           <div class='isimb-6310-hover-content-1-3-element'>\r\n                              <div class='isimb-6310-close-button isimb-6310-close-button-mobile'><\/div>\r\n                              <a href='https:\/\/gregxel.com\/index.php\/industrie\/'>Industrie<\/a>                   \r\n                           <\/div>                    \r\n                        <\/div>\r\n                     \r\n                              <img data-recalc-dims=\"1\" decoding=\"async\" src=\"https:\/\/i0.wp.com\/gregxel.com\/wp-content\/uploads\/2025\/03\/Solutions-Excel-sur-mesure-visual-selection-e1743415954548.png?ssl=1\" class=\"isimb-6310-main-image isimb-6310-img\" data-isimb-cls=\"isimb-6310-main-image isimb-6310-img\" data-isimb-value=\"https:\/\/gregxel.com\/wp-content\/uploads\/2025\/03\/Solutions-Excel-sur-mesure-visual-selection-e1743415954548.png\" \/>\r\n         \r\n      <\/div>\r\n   <\/div>\r\n<\/div>\r\n\r\n<\/div>\n\t\t\t\t\t\t<\/div>\n\t\t\t\t<\/div>\n\t\t\t\t<\/div>\n\t\t\t\t<\/div>\n\t\t<div class=\"elementor-element elementor-element-ec3d002 e-con-full e-flex e-con e-child\" data-id=\"ec3d002\" data-element_type=\"container\" data-e-type=\"container\">\n\t\t<div class=\"elementor-element elementor-element-2f5d840 e-con-full e-flex e-con e-child\" data-id=\"2f5d840\" data-element_type=\"container\" data-e-type=\"container\" data-settings=\"{&quot;background_background&quot;:&quot;gradient&quot;}\">\n\t\t\t\t<div class=\"elementor-element elementor-element-1104d02 elementor-widget elementor-widget-heading\" data-id=\"1104d02\" data-element_type=\"widget\" data-e-type=\"widget\" data-widget_type=\"heading.default\">\n\t\t\t\t<div class=\"elementor-widget-container\">\n\t\t\t\t\t<h2 class=\"elementor-heading-title elementor-size-default\">Enseignement :<\/h2>\t\t\t\t<\/div>\n\t\t\t\t<\/div>\n\t\t\t\t<div class=\"elementor-element elementor-element-eacf619 elementor-widget elementor-widget-image\" data-id=\"eacf619\" data-element_type=\"widget\" data-e-type=\"widget\" data-widget_type=\"image.default\">\n\t\t\t\t<div class=\"elementor-widget-container\">\n\t\t\t\t\t\t\t\t\t\t\t\t<figure class=\"wp-caption\">\n\t\t\t\t\t\t\t\t\t\t\t<a href=\"https:\/\/gregxel.com\/index.php\/bulletin-de-notes\/\">\n\t\t\t\t\t\t\t<img fetchpriority=\"high\" decoding=\"async\" width=\"212\" height=\"300\" src=\"https:\/\/i0.wp.com\/gregxel.com\/wp-content\/uploads\/2025\/02\/Flyer-Bulletin-scaled.jpg?fit=212%2C300&amp;ssl=1\" class=\"attachment-medium size-medium wp-image-194\" alt=\"\" srcset=\"https:\/\/i0.wp.com\/gregxel.com\/wp-content\/uploads\/2025\/02\/Flyer-Bulletin-scaled.jpg?w=1810&amp;ssl=1 1810w, https:\/\/i0.wp.com\/gregxel.com\/wp-content\/uploads\/2025\/02\/Flyer-Bulletin-scaled.jpg?resize=212%2C300&amp;ssl=1 212w\" sizes=\"(max-width: 212px) 100vw, 212px\" \/>\t\t\t\t\t\t\t\t<\/a>\n\t\t\t\t\t\t\t\t\t\t\t<figcaption class=\"widget-image-caption wp-caption-text\">Bulletin de notes<\/figcaption>\n\t\t\t\t\t\t\t\t\t\t<\/figure>\n\t\t\t\t\t\t\t\t\t<\/div>\n\t\t\t\t<\/div>\n\t\t\t\t<\/div>\n\t\t<div class=\"elementor-element elementor-element-e8f1115 e-con-full e-flex e-con e-child\" data-id=\"e8f1115\" data-element_type=\"container\" data-e-type=\"container\" data-settings=\"{&quot;background_background&quot;:&quot;gradient&quot;}\">\n\t\t\t\t<div class=\"elementor-element elementor-element-1b23ad9 elementor-widget elementor-widget-heading\" data-id=\"1b23ad9\" data-element_type=\"widget\" data-e-type=\"widget\" data-widget_type=\"heading.default\">\n\t\t\t\t<div class=\"elementor-widget-container\">\n\t\t\t\t\t<h2 class=\"elementor-heading-title elementor-size-default\">Ind\u00e9pendants, Commerces, Associations ...<\/h2>\t\t\t\t<\/div>\n\t\t\t\t<\/div>\n\t\t\t\t<div class=\"elementor-element elementor-element-d115e49 elementor-widget elementor-widget-image\" data-id=\"d115e49\" data-element_type=\"widget\" data-e-type=\"widget\" data-widget_type=\"image.default\">\n\t\t\t\t<div class=\"elementor-widget-container\">\n\t\t\t\t\t\t\t\t\t\t\t\t<figure class=\"wp-caption\">\n\t\t\t\t\t\t\t\t\t\t<img decoding=\"async\" width=\"300\" height=\"202\" src=\"https:\/\/i0.wp.com\/gregxel.com\/wp-content\/uploads\/2025\/03\/Gestion-des-Stock-2.jpg?fit=300%2C202&amp;ssl=1\" class=\"attachment-medium size-medium wp-image-428\" alt=\"\" srcset=\"https:\/\/i0.wp.com\/gregxel.com\/wp-content\/uploads\/2025\/03\/Gestion-des-Stock-2.jpg?w=668&amp;ssl=1 668w, https:\/\/i0.wp.com\/gregxel.com\/wp-content\/uploads\/2025\/03\/Gestion-des-Stock-2.jpg?resize=300%2C202&amp;ssl=1 300w, https:\/\/i0.wp.com\/gregxel.com\/wp-content\/uploads\/2025\/03\/Gestion-des-Stock-2.jpg?resize=600%2C403&amp;ssl=1 600w\" sizes=\"(max-width: 300px) 100vw, 300px\" \/>\t\t\t\t\t\t\t\t\t\t\t<figcaption class=\"widget-image-caption wp-caption-text\">Gestion des Stocks et Tracabillit\u00e9e<\/figcaption>\n\t\t\t\t\t\t\t\t\t\t<\/figure>\n\t\t\t\t\t\t\t\t\t<\/div>\n\t\t\t\t<\/div>\n\t\t\t\t<\/div>\n\t\t\t\t<\/div>\n\t\t\t\t\t<\/div>\n\t\t\t\t<\/div>\n\t\t<div class=\"elementor-element elementor-element-5059695 e-flex e-con-boxed e-con e-parent\" data-id=\"5059695\" data-element_type=\"container\" data-e-type=\"container\">\n\t\t\t\t\t<div class=\"e-con-inner\">\n\t\t<div class=\"elementor-element elementor-element-eac15f8 e-con-full e-flex e-con e-child\" data-id=\"eac15f8\" data-element_type=\"container\" data-e-type=\"container\" data-settings=\"{&quot;background_background&quot;:&quot;gradient&quot;}\">\n\t\t\t\t<div class=\"elementor-element elementor-element-0c9596d elementor-widget elementor-widget-heading\" data-id=\"0c9596d\" data-element_type=\"widget\" data-e-type=\"widget\" data-widget_type=\"heading.default\">\n\t\t\t\t<div class=\"elementor-widget-container\">\n\t\t\t\t\t<h2 class=\"elementor-heading-title elementor-size-default\">Industrie :<\/h2>\t\t\t\t<\/div>\n\t\t\t\t<\/div>\n\t\t\t\t<div class=\"elementor-element elementor-element-5052c14 elementor-widget elementor-widget-image\" data-id=\"5052c14\" data-element_type=\"widget\" data-e-type=\"widget\" data-widget_type=\"image.default\">\n\t\t\t\t<div class=\"elementor-widget-container\">\n\t\t\t\t\t\t\t\t\t\t\t\t\t\t\t\t<a href=\"https:\/\/gregxel.com\/index.php\/industrie\/\">\n\t\t\t\t\t\t\t<img decoding=\"async\" width=\"768\" height=\"572\" src=\"https:\/\/i0.wp.com\/gregxel.com\/wp-content\/uploads\/2025\/03\/Industrie-_-visual-selection-e1743432840922.png?fit=768%2C572&amp;ssl=1\" class=\"attachment-medium_large size-medium_large wp-image-562\" alt=\"\" srcset=\"https:\/\/i0.wp.com\/gregxel.com\/wp-content\/uploads\/2025\/03\/Industrie-_-visual-selection-e1743432840922.png?w=1460&amp;ssl=1 1460w, https:\/\/i0.wp.com\/gregxel.com\/wp-content\/uploads\/2025\/03\/Industrie-_-visual-selection-e1743432840922.png?resize=300%2C224&amp;ssl=1 300w, https:\/\/i0.wp.com\/gregxel.com\/wp-content\/uploads\/2025\/03\/Industrie-_-visual-selection-e1743432840922.png?resize=1024%2C763&amp;ssl=1 1024w, https:\/\/i0.wp.com\/gregxel.com\/wp-content\/uploads\/2025\/03\/Industrie-_-visual-selection-e1743432840922.png?resize=768%2C572&amp;ssl=1 768w, https:\/\/i0.wp.com\/gregxel.com\/wp-content\/uploads\/2025\/03\/Industrie-_-visual-selection-e1743432840922.png?resize=600%2C447&amp;ssl=1 600w\" sizes=\"(max-width: 768px) 100vw, 768px\" \/>\t\t\t\t\t\t\t\t<\/a>\n\t\t\t\t\t\t\t\t\t\t\t\t\t\t\t<\/div>\n\t\t\t\t<\/div>\n\t\t\t\t<div class=\"elementor-element elementor-element-fb9002d elementor-align-center elementor-widget elementor-widget-button\" data-id=\"fb9002d\" data-element_type=\"widget\" data-e-type=\"widget\" data-widget_type=\"button.default\">\n\t\t\t\t<div class=\"elementor-widget-container\">\n\t\t\t\t\t\t\t\t\t<div class=\"elementor-button-wrapper\">\n\t\t\t\t\t<a class=\"elementor-button elementor-button-link elementor-size-sm\" href=\"https:\/\/gregxel.com\/index.php\/industrie\/\">\n\t\t\t\t\t\t<span class=\"elementor-button-content-wrapper\">\n\t\t\t\t\t\t\t\t\t<span class=\"elementor-button-text\">En savoir plus ?    Cliquer ici !<\/span>\n\t\t\t\t\t<\/span>\n\t\t\t\t\t<\/a>\n\t\t\t\t<\/div>\n\t\t\t\t\t\t\t\t<\/div>\n\t\t\t\t<\/div>\n\t\t\t\t<\/div>\n\t\t\t\t\t<\/div>\n\t\t\t\t<\/div>\n\t\t\t\t<\/div>\n\t\t","protected":false},"excerpt":{"rendered":"<p>\u00a0\u00bb Des solutions Excel sur mesure pour tous vos besoins \u00ab\u00a0 GregXel vous propose des fichiers Excel personnalis\u00e9s, con\u00e7us pour [&hellip;]<\/p>\n","protected":false},"author":1,"featured_media":0,"parent":0,"menu_order":0,"comment_status":"closed","ping_status":"closed","template":"","meta":{"site-sidebar-layout":"no-sidebar","site-content-layout":"","ast-site-content-layout":"full-width-container","site-content-style":"default","site-sidebar-style":"default","ast-global-header-display":"","ast-banner-title-visibility":"","ast-main-header-display":"","ast-hfb-above-header-display":"","ast-hfb-below-header-display":"","ast-hfb-mobile-header-display":"","site-post-title":"disabled","ast-breadcrumbs-content":"","ast-featured-img":"disabled","footer-sml-layout":"","ast-disable-related-posts":"","theme-transparent-header-meta":"","adv-header-id-meta":"","stick-header-meta":"","header-above-stick-meta":"","header-main-stick-meta":"","header-below-stick-meta":"","astra-migrate-meta-layouts":"default","ast-page-background-enabled":"default","ast-page-background-meta":{"desktop":{"background-color":"var(--ast-global-color-5)","background-image":"","background-repeat":"repeat","background-position":"center center","background-size":"auto","background-attachment":"scroll","background-type":"","background-media":"","overlay-type":"","overlay-color":"","overlay-opacity":"","overlay-gradient":""},"tablet":{"background-color":"","background-image":"","background-repeat":"repeat","background-position":"center center","background-size":"auto","background-attachment":"scroll","background-type":"","background-media":"","overlay-type":"","overlay-color":"","overlay-opacity":"","overlay-gradient":""},"mobile":{"background-color":"","background-image":"","background-repeat":"repeat","background-position":"center center","background-size":"auto","background-attachment":"scroll","background-type":"","background-media":"","overlay-type":"","overlay-color":"","overlay-opacity":"","overlay-gradient":""}},"ast-content-background-meta":{"desktop":{"background-color":"var(--ast-global-color-4)","background-image":"","background-repeat":"repeat","background-position":"center center","background-size":"auto","background-attachment":"scroll","background-type":"","background-media":"","overlay-type":"","overlay-color":"","overlay-opacity":"","overlay-gradient":""},"tablet":{"background-color":"var(--ast-global-color-4)","background-image":"","background-repeat":"repeat","background-position":"center center","background-size":"auto","background-attachment":"scroll","background-type":"","background-media":"","overlay-type":"","overlay-color":"","overlay-opacity":"","overlay-gradient":""},"mobile":{"background-color":"var(--ast-global-color-4)","background-image":"","background-repeat":"repeat","background-position":"center center","background-size":"auto","background-attachment":"scroll","background-type":"","background-media":"","overlay-type":"","overlay-color":"","overlay-opacity":"","overlay-gradient":""}},"footnotes":""},"class_list":["post-10","page","type-page","status-publish","hentry"],"jetpack_sharing_enabled":true,"_links":{"self":[{"href":"https:\/\/gregxel.com\/index.php\/wp-json\/wp\/v2\/pages\/10","targetHints":{"allow":["GET"]}}],"collection":[{"href":"https:\/\/gregxel.com\/index.php\/wp-json\/wp\/v2\/pages"}],"about":[{"href":"https:\/\/gregxel.com\/index.php\/wp-json\/wp\/v2\/types\/page"}],"author":[{"embeddable":true,"href":"https:\/\/gregxel.com\/index.php\/wp-json\/wp\/v2\/users\/1"}],"replies":[{"embeddable":true,"href":"https:\/\/gregxel.com\/index.php\/wp-json\/wp\/v2\/comments?post=10"}],"version-history":[{"count":136,"href":"https:\/\/gregxel.com\/index.php\/wp-json\/wp\/v2\/pages\/10\/revisions"}],"predecessor-version":[{"id":614,"href":"https:\/\/gregxel.com\/index.php\/wp-json\/wp\/v2\/pages\/10\/revisions\/614"}],"wp:attachment":[{"href":"https:\/\/gregxel.com\/index.php\/wp-json\/wp\/v2\/media?parent=10"}],"curies":[{"name":"wp","href":"https:\/\/api.w.org\/{rel}","templated":true}]}}